{"id":8363,"date":"2025-03-30T15:52:08","date_gmt":"2025-03-30T15:52:08","guid":{"rendered":"https:\/\/kvkrobotix.com\/metallindustrie\/"},"modified":"2025-04-25T09:36:30","modified_gmt":"2025-04-25T09:36:30","slug":"metallindustrie","status":"publish","type":"page","link":"https:\/\/kvkrobotix.com\/de\/metallindustrie\/","title":{"rendered":"Metallindustrie"},"content":{"rendered":"\t\t<div data-elementor-type=\"wp-page\" data-elementor-id=\"8363\" class=\"elementor elementor-8363 elementor-8006\" data-elementor-post-type=\"page\">\n\t\t\t\t<div class=\"elementor-element elementor-element-e8e12ed e-ecs-flex e-flex e-con-boxed e-con e-parent\" data-id=\"e8e12ed\" data-element_type=\"container\" data-e-type=\"container\" data-settings=\"{&quot;ecs_container_type&quot;:&quot;flex&quot;}\">\n\t\t\t\t\t<div class=\"e-con-inner\">\n\t\t<div class=\"elementor-element elementor-element-8107a01 e-con-full e-ecs-flex e-flex e-con e-child\" data-id=\"8107a01\" data-element_type=\"container\" data-e-type=\"container\" data-settings=\"{&quot;ecs_container_type&quot;:&quot;flex&quot;}\">\n\t\t\t\t<div class=\"elementor-element elementor-element-c48626b elementor-widget elementor-widget-heading\" data-id=\"c48626b\" data-element_type=\"widget\" data-e-type=\"widget\" data-widget_type=\"heading.default\">\n\t\t\t\t<div class=\"elementor-widget-container\">\n\t\t\t\t\t<h1 class=\"elementor-heading-title elementor-size-default\">Metallindustrie<\/h1>\t\t\t\t<\/div>\n\t\t\t\t<\/div>\n\t\t\t\t<div class=\"elementor-element elementor-element-1345ffe elementor-widget elementor-widget-text-editor\" data-id=\"1345ffe\" data-element_type=\"widget\" data-e-type=\"widget\" data-widget_type=\"text-editor.default\">\n\t\t\t\t<div class=\"elementor-widget-container\">\n\t\t\t\t\t\t\t\t\t<p>Technische Dienstleistungen<\/p>\t\t\t\t\t\t\t\t<\/div>\n\t\t\t\t<\/div>\n\t\t\t\t<div class=\"elementor-element elementor-element-ad31583 elementor-icon-list--layout-traditional elementor-list-item-link-full_width elementor-widget elementor-widget-icon-list\" data-id=\"ad31583\" data-element_type=\"widget\" data-e-type=\"widget\" data-widget_type=\"icon-list.default\">\n\t\t\t\t<div class=\"elementor-widget-container\">\n\t\t\t\t\t\t\t<ul class=\"elementor-icon-list-items\">\n\t\t\t\t\t\t\t<li class=\"elementor-icon-list-item\">\n\t\t\t\t\t\t\t\t\t\t\t<span class=\"elementor-icon-list-icon\">\n\t\t\t\t\t\t\t<i aria-hidden=\"true\" class=\"far fa-check-circle\"><\/i>\t\t\t\t\t\t<\/span>\n\t\t\t\t\t\t\t\t\t\t<span class=\"elementor-icon-list-text\"><b>CNC-Bearbeitung<\/b><br> Pr\u00e4zisionsdrehen, Fr\u00e4sen und mehrachsige Bearbeitung von Metallteilen.<\/span>\n\t\t\t\t\t\t\t\t\t<\/li>\n\t\t\t\t\t\t\t\t<li class=\"elementor-icon-list-item\">\n\t\t\t\t\t\t\t\t\t\t\t<span class=\"elementor-icon-list-icon\">\n\t\t\t\t\t\t\t<i aria-hidden=\"true\" class=\"far fa-check-circle\"><\/i>\t\t\t\t\t\t<\/span>\n\t\t\t\t\t\t\t\t\t\t<span class=\"elementor-icon-list-text\"><b>Horizontale Bearbeitung<\/b><br> Bearbeitung von gro\u00dfen und sperrigen Teilen auf leistungsstarken horizontalen Maschinen.<\/span>\n\t\t\t\t\t\t\t\t\t<\/li>\n\t\t\t\t\t\t\t\t<li class=\"elementor-icon-list-item\">\n\t\t\t\t\t\t\t\t\t\t\t<span class=\"elementor-icon-list-icon\">\n\t\t\t\t\t\t\t<i aria-hidden=\"true\" class=\"far fa-check-circle\"><\/i>\t\t\t\t\t\t<\/span>\n\t\t\t\t\t\t\t\t\t\t<span class=\"elementor-icon-list-text\"><b>Drahtschneidemaschine (EDM) <\/b><br>Hochpr\u00e4zises Schneiden von leitenden Materialien durch Elektroerosion.<\/span>\n\t\t\t\t\t\t\t\t\t<\/li>\n\t\t\t\t\t\t\t\t<li class=\"elementor-icon-list-item\">\n\t\t\t\t\t\t\t\t\t\t\t<span class=\"elementor-icon-list-icon\">\n\t\t\t\t\t\t\t<i aria-hidden=\"true\" class=\"far fa-check-circle\"><\/i>\t\t\t\t\t\t<\/span>\n\t\t\t\t\t\t\t\t\t\t<span class=\"elementor-icon-list-text\"><b>Biegen und Umformen von Ble<\/b>chen<br> Umformen von Blechteilen in die gew\u00fcnschten Formen, Walzen, Biegen.<\/span>\n\t\t\t\t\t\t\t\t\t<\/li>\n\t\t\t\t\t\t\t\t<li class=\"elementor-icon-list-item\">\n\t\t\t\t\t\t\t\t\t\t\t<span class=\"elementor-icon-list-icon\">\n\t\t\t\t\t\t\t<i aria-hidden=\"true\" class=\"far fa-check-circle\"><\/i>\t\t\t\t\t\t<\/span>\n\t\t\t\t\t\t\t\t\t\t<span class=\"elementor-icon-list-text\"><b>Schwei\u00dfen und Montage<\/b><br> Dichtes und pr\u00e4zises Zusammenf\u00fcgen von Teilen einschlie\u00dflich der Montage von Endbaugruppen.<\/span>\n\t\t\t\t\t\t\t\t\t<\/li>\n\t\t\t\t\t\t\t\t<li class=\"elementor-icon-list-item\">\n\t\t\t\t\t\t\t\t\t\t\t<span class=\"elementor-icon-list-icon\">\n\t\t\t\t\t\t\t<i aria-hidden=\"true\" class=\"far fa-check-circle\"><\/i>\t\t\t\t\t\t<\/span>\n\t\t\t\t\t\t\t\t\t\t<span class=\"elementor-icon-list-text\"><b>Herstellung von Stahlkonstruktionen<\/b><br> Vom Maschinenrahmen bis zu tragenden Elementen - einschlie\u00dflich Zeichnungsdokumentation.<\/span>\n\t\t\t\t\t\t\t\t\t<\/li>\n\t\t\t\t\t\t\t\t<li class=\"elementor-icon-list-item\">\n\t\t\t\t\t\t\t\t\t\t\t<span class=\"elementor-icon-list-icon\">\n\t\t\t\t\t\t\t<i aria-hidden=\"true\" class=\"far fa-check-circle\"><\/i>\t\t\t\t\t\t<\/span>\n\t\t\t\t\t\t\t\t\t\t<span class=\"elementor-icon-list-text\"><b>Strahlen und Lackieren<\/b><br> Oberfl\u00e4chenvorbereitung und Endbeschichtungen f\u00fcr lange Lebensdauer und \u00c4sthetik.<\/span>\n\t\t\t\t\t\t\t\t\t<\/li>\n\t\t\t\t\t\t\t\t<li class=\"elementor-icon-list-item\">\n\t\t\t\t\t\t\t\t\t\t\t<span class=\"elementor-icon-list-icon\">\n\t\t\t\t\t\t\t<i aria-hidden=\"true\" class=\"far fa-check-circle\"><\/i>\t\t\t\t\t\t<\/span>\n\t\t\t\t\t\t\t\t\t\t<span class=\"elementor-icon-list-text\"><b>W\u00e4rme- und Oberfl\u00e4chenbehandlung<\/b><br> Zementieren, H\u00e4rten, Schw\u00e4rzen, Verzinken oder Pulverbeschichten je nach Spezifikation.<\/span>\n\t\t\t\t\t\t\t\t\t<\/li>\n\t\t\t\t\t\t<\/ul>\n\t\t\t\t\t\t<\/div>\n\t\t\t\t<\/div>\n\t\t\t\t<\/div>\n\t\t<div class=\"elementor-element elementor-element-5643b82 e-con-full e-ecs-flex e-flex e-con e-child\" data-id=\"5643b82\" data-element_type=\"container\" data-e-type=\"container\" data-settings=\"{&quot;ecs_container_type&quot;:&quot;flex&quot;}\">\n\t\t\t\t<div class=\"elementor-element elementor-element-279fc1a elementor-widget elementor-widget-image\" data-id=\"279fc1a\" data-element_type=\"widget\" data-e-type=\"widget\" data-widget_type=\"image.default\">\n\t\t\t\t<div class=\"elementor-widget-container\">\n\t\t\t\t\t\t\t\t\t\t\t\t\t\t\t<img decoding=\"async\" src=\"https:\/\/kvkrobotix.com\/wp-content\/uploads\/2025\/03\/5oska.png\" title=\"5oska\" alt=\"5oska\" loading=\"lazy\" \/>\t\t\t\t\t\t\t\t\t\t\t\t\t\t\t<\/div>\n\t\t\t\t<\/div>\n\t\t\t\t<\/div>\n\t\t\t\t\t<\/div>\n\t\t\t\t<\/div>\n\t\t<div class=\"elementor-element elementor-element-17f30b3 e-ecs-flex e-flex e-con-boxed e-con e-parent\" data-id=\"17f30b3\" data-element_type=\"container\" data-e-type=\"container\" data-settings=\"{&quot;ecs_container_type&quot;:&quot;flex&quot;}\">\n\t\t\t\t\t<div class=\"e-con-inner\">\n\t\t\t\t<div class=\"elementor-element elementor-element-df3c0da elementor-widget elementor-widget-gallery\" data-id=\"df3c0da\" data-element_type=\"widget\" data-e-type=\"widget\" data-settings=\"{&quot;columns_tablet&quot;:3,&quot;columns_mobile&quot;:2,&quot;lazyload&quot;:&quot;yes&quot;,&quot;gallery_layout&quot;:&quot;grid&quot;,&quot;columns&quot;:4,&quot;gap&quot;:{&quot;unit&quot;:&quot;px&quot;,&quot;size&quot;:10,&quot;sizes&quot;:[]},&quot;gap_tablet&quot;:{&quot;unit&quot;:&quot;px&quot;,&quot;size&quot;:10,&quot;sizes&quot;:[]},&quot;gap_mobile&quot;:{&quot;unit&quot;:&quot;px&quot;,&quot;size&quot;:10,&quot;sizes&quot;:[]},&quot;link_to&quot;:&quot;file&quot;,&quot;aspect_ratio&quot;:&quot;3:2&quot;,&quot;overlay_background&quot;:&quot;yes&quot;,&quot;content_hover_animation&quot;:&quot;fade-in&quot;}\" data-widget_type=\"gallery.default\">\n\t\t\t\t<div class=\"elementor-widget-container\">\n\t\t\t\t\t\t\t<div class=\"elementor-gallery__container\">\n\t\t\t\t\t\t\t<a class=\"e-gallery-item elementor-gallery-item elementor-animated-content\" href=\"https:\/\/kvkrobotix.com\/wp-content\/uploads\/2025\/03\/20230628_103001-scaled.jpg\" data-elementor-open-lightbox=\"yes\" data-elementor-lightbox-slideshow=\"df3c0da\" data-elementor-lightbox-title=\"20230628_103001\" data-e-action-hash=\"#elementor-action%3Aaction%3Dlightbox%26settings%3DeyJpZCI6ODA0NCwidXJsIjoiaHR0cHM6XC9cL2t2a3JvYm90aXguY29tXC93cC1jb250ZW50XC91cGxvYWRzXC8yMDI1XC8wM1wvMjAyMzA2MjhfMTAzMDAxLXNjYWxlZC5qcGciLCJzbGlkZXNob3ciOiJkZjNjMGRhIn0%3D\">\n\t\t\t\t\t<div class=\"e-gallery-image elementor-gallery-item__image\" data-thumbnail=\"https:\/\/kvkrobotix.com\/wp-content\/uploads\/2025\/03\/20230628_103001-300x225.jpg\" data-width=\"300\" data-height=\"225\" aria-label=\"\" role=\"img\" ><\/div>\n\t\t\t\t\t\t\t\t\t\t\t<div class=\"elementor-gallery-item__overlay\"><\/div>\n\t\t\t\t\t\t\t\t\t\t\t\t\t\t<\/a>\n\t\t\t\t\t\t\t<a class=\"e-gallery-item elementor-gallery-item elementor-animated-content\" href=\"https:\/\/kvkrobotix.com\/wp-content\/uploads\/2025\/03\/20231020_131633-scaled-e1745090363491.jpg\" data-elementor-open-lightbox=\"yes\" data-elementor-lightbox-slideshow=\"df3c0da\" data-elementor-lightbox-title=\"20231020_131633\" data-e-action-hash=\"#elementor-action%3Aaction%3Dlightbox%26settings%3DeyJpZCI6ODA0NywidXJsIjoiaHR0cHM6XC9cL2t2a3JvYm90aXguY29tXC93cC1jb250ZW50XC91cGxvYWRzXC8yMDI1XC8wM1wvMjAyMzEwMjBfMTMxNjMzLXNjYWxlZC1lMTc0NTA5MDM2MzQ5MS5qcGciLCJzbGlkZXNob3ciOiJkZjNjMGRhIn0%3D\">\n\t\t\t\t\t<div class=\"e-gallery-image elementor-gallery-item__image\" data-thumbnail=\"https:\/\/kvkrobotix.com\/wp-content\/uploads\/2025\/03\/20231020_131633-scaled-e1745090363491-300x300.jpg\" data-width=\"300\" data-height=\"300\" aria-label=\"\" role=\"img\" ><\/div>\n\t\t\t\t\t\t\t\t\t\t\t<div class=\"elementor-gallery-item__overlay\"><\/div>\n\t\t\t\t\t\t\t\t\t\t\t\t\t\t<\/a>\n\t\t\t\t\t\t\t<a class=\"e-gallery-item elementor-gallery-item elementor-animated-content\" href=\"https:\/\/kvkrobotix.com\/wp-content\/uploads\/2025\/03\/20231020_124119-scaled.jpg\" data-elementor-open-lightbox=\"yes\" data-elementor-lightbox-slideshow=\"df3c0da\" data-elementor-lightbox-title=\"20231020_124119\" data-e-action-hash=\"#elementor-action%3Aaction%3Dlightbox%26settings%3DeyJpZCI6ODA1MCwidXJsIjoiaHR0cHM6XC9cL2t2a3JvYm90aXguY29tXC93cC1jb250ZW50XC91cGxvYWRzXC8yMDI1XC8wM1wvMjAyMzEwMjBfMTI0MTE5LXNjYWxlZC5qcGciLCJzbGlkZXNob3ciOiJkZjNjMGRhIn0%3D\">\n\t\t\t\t\t<div class=\"e-gallery-image elementor-gallery-item__image\" data-thumbnail=\"https:\/\/kvkrobotix.com\/wp-content\/uploads\/2025\/03\/20231020_124119-300x225.jpg\" data-width=\"300\" data-height=\"225\" aria-label=\"\" role=\"img\" ><\/div>\n\t\t\t\t\t\t\t\t\t\t\t<div class=\"elementor-gallery-item__overlay\"><\/div>\n\t\t\t\t\t\t\t\t\t\t\t\t\t\t<\/a>\n\t\t\t\t\t\t\t<a class=\"e-gallery-item elementor-gallery-item elementor-animated-content\" href=\"https:\/\/kvkrobotix.com\/wp-content\/uploads\/2025\/03\/IMG_20231107_154623-scaled.jpg\" data-elementor-open-lightbox=\"yes\" data-elementor-lightbox-slideshow=\"df3c0da\" data-elementor-lightbox-title=\"IMG_20231107_154623\" data-e-action-hash=\"#elementor-action%3Aaction%3Dlightbox%26settings%3DeyJpZCI6ODA1MywidXJsIjoiaHR0cHM6XC9cL2t2a3JvYm90aXguY29tXC93cC1jb250ZW50XC91cGxvYWRzXC8yMDI1XC8wM1wvSU1HXzIwMjMxMTA3XzE1NDYyMy1zY2FsZWQuanBnIiwic2xpZGVzaG93IjoiZGYzYzBkYSJ9\">\n\t\t\t\t\t<div class=\"e-gallery-image elementor-gallery-item__image\" data-thumbnail=\"https:\/\/kvkrobotix.com\/wp-content\/uploads\/2025\/03\/IMG_20231107_154623-300x225.jpg\" data-width=\"300\" data-height=\"225\" aria-label=\"\" role=\"img\" ><\/div>\n\t\t\t\t\t\t\t\t\t\t\t<div class=\"elementor-gallery-item__overlay\"><\/div>\n\t\t\t\t\t\t\t\t\t\t\t\t\t\t<\/a>\n\t\t\t\t\t\t\t<a class=\"e-gallery-item elementor-gallery-item elementor-animated-content\" href=\"https:\/\/kvkrobotix.com\/wp-content\/uploads\/2025\/03\/IMG_2334-scaled.jpg\" data-elementor-open-lightbox=\"yes\" data-elementor-lightbox-slideshow=\"df3c0da\" data-elementor-lightbox-title=\"IMG_2334\" data-e-action-hash=\"#elementor-action%3Aaction%3Dlightbox%26settings%3DeyJpZCI6ODA1NiwidXJsIjoiaHR0cHM6XC9cL2t2a3JvYm90aXguY29tXC93cC1jb250ZW50XC91cGxvYWRzXC8yMDI1XC8wM1wvSU1HXzIzMzQtc2NhbGVkLmpwZyIsInNsaWRlc2hvdyI6ImRmM2MwZGEifQ%3D%3D\">\n\t\t\t\t\t<div class=\"e-gallery-image elementor-gallery-item__image\" data-thumbnail=\"https:\/\/kvkrobotix.com\/wp-content\/uploads\/2025\/03\/IMG_2334-300x225.jpg\" data-width=\"300\" data-height=\"225\" aria-label=\"\" role=\"img\" ><\/div>\n\t\t\t\t\t\t\t\t\t\t\t<div class=\"elementor-gallery-item__overlay\"><\/div>\n\t\t\t\t\t\t\t\t\t\t\t\t\t\t<\/a>\n\t\t\t\t\t\t\t<a class=\"e-gallery-item elementor-gallery-item elementor-animated-content\" href=\"https:\/\/kvkrobotix.com\/wp-content\/uploads\/2025\/03\/IMG_2376-scaled.jpg\" data-elementor-open-lightbox=\"yes\" data-elementor-lightbox-slideshow=\"df3c0da\" data-elementor-lightbox-title=\"IMG_2376\" data-e-action-hash=\"#elementor-action%3Aaction%3Dlightbox%26settings%3DeyJpZCI6ODA1OSwidXJsIjoiaHR0cHM6XC9cL2t2a3JvYm90aXguY29tXC93cC1jb250ZW50XC91cGxvYWRzXC8yMDI1XC8wM1wvSU1HXzIzNzYtc2NhbGVkLmpwZyIsInNsaWRlc2hvdyI6ImRmM2MwZGEifQ%3D%3D\">\n\t\t\t\t\t<div class=\"e-gallery-image elementor-gallery-item__image\" data-thumbnail=\"https:\/\/kvkrobotix.com\/wp-content\/uploads\/2025\/03\/IMG_2376-300x225.jpg\" data-width=\"300\" data-height=\"225\" aria-label=\"\" role=\"img\" ><\/div>\n\t\t\t\t\t\t\t\t\t\t\t<div class=\"elementor-gallery-item__overlay\"><\/div>\n\t\t\t\t\t\t\t\t\t\t\t\t\t\t<\/a>\n\t\t\t\t\t\t\t<a class=\"e-gallery-item elementor-gallery-item elementor-animated-content\" href=\"https:\/\/kvkrobotix.com\/wp-content\/uploads\/2025\/03\/20230224_152230-scaled.jpg\" data-elementor-open-lightbox=\"yes\" data-elementor-lightbox-slideshow=\"df3c0da\" data-elementor-lightbox-title=\"20230224_152230\" data-e-action-hash=\"#elementor-action%3Aaction%3Dlightbox%26settings%3DeyJpZCI6ODAzNSwidXJsIjoiaHR0cHM6XC9cL2t2a3JvYm90aXguY29tXC93cC1jb250ZW50XC91cGxvYWRzXC8yMDI1XC8wM1wvMjAyMzAyMjRfMTUyMjMwLXNjYWxlZC5qcGciLCJzbGlkZXNob3ciOiJkZjNjMGRhIn0%3D\">\n\t\t\t\t\t<div class=\"e-gallery-image elementor-gallery-item__image\" data-thumbnail=\"https:\/\/kvkrobotix.com\/wp-content\/uploads\/2025\/03\/20230224_152230-300x225.jpg\" data-width=\"300\" data-height=\"225\" aria-label=\"\" role=\"img\" ><\/div>\n\t\t\t\t\t\t\t\t\t\t\t<div class=\"elementor-gallery-item__overlay\"><\/div>\n\t\t\t\t\t\t\t\t\t\t\t\t\t\t<\/a>\n\t\t\t\t\t\t\t<a class=\"e-gallery-item elementor-gallery-item elementor-animated-content\" href=\"https:\/\/kvkrobotix.com\/wp-content\/uploads\/2025\/03\/20220826_112954-scaled.jpg\" data-elementor-open-lightbox=\"yes\" data-elementor-lightbox-slideshow=\"df3c0da\" data-elementor-lightbox-title=\"20220826_112954\" data-e-action-hash=\"#elementor-action%3Aaction%3Dlightbox%26settings%3DeyJpZCI6ODA0MSwidXJsIjoiaHR0cHM6XC9cL2t2a3JvYm90aXguY29tXC93cC1jb250ZW50XC91cGxvYWRzXC8yMDI1XC8wM1wvMjAyMjA4MjZfMTEyOTU0LXNjYWxlZC5qcGciLCJzbGlkZXNob3ciOiJkZjNjMGRhIn0%3D\">\n\t\t\t\t\t<div class=\"e-gallery-image elementor-gallery-item__image\" data-thumbnail=\"https:\/\/kvkrobotix.com\/wp-content\/uploads\/2025\/03\/20220826_112954-300x225.jpg\" data-width=\"300\" data-height=\"225\" aria-label=\"\" role=\"img\" ><\/div>\n\t\t\t\t\t\t\t\t\t\t\t<div class=\"elementor-gallery-item__overlay\"><\/div>\n\t\t\t\t\t\t\t\t\t\t\t\t\t\t<\/a>\n\t\t\t\t\t\t\t<a class=\"e-gallery-item elementor-gallery-item elementor-animated-content\" href=\"https:\/\/kvkrobotix.com\/wp-content\/uploads\/2025\/03\/20220923_110939-scaled.jpg\" data-elementor-open-lightbox=\"yes\" data-elementor-lightbox-slideshow=\"df3c0da\" data-elementor-lightbox-title=\"20220923_110939\" data-e-action-hash=\"#elementor-action%3Aaction%3Dlightbox%26settings%3DeyJpZCI6ODAzMiwidXJsIjoiaHR0cHM6XC9cL2t2a3JvYm90aXguY29tXC93cC1jb250ZW50XC91cGxvYWRzXC8yMDI1XC8wM1wvMjAyMjA5MjNfMTEwOTM5LXNjYWxlZC5qcGciLCJzbGlkZXNob3ciOiJkZjNjMGRhIn0%3D\">\n\t\t\t\t\t<div class=\"e-gallery-image elementor-gallery-item__image\" data-thumbnail=\"https:\/\/kvkrobotix.com\/wp-content\/uploads\/2025\/03\/20220923_110939-225x300.jpg\" data-width=\"225\" data-height=\"300\" aria-label=\"\" role=\"img\" ><\/div>\n\t\t\t\t\t\t\t\t\t\t\t<div class=\"elementor-gallery-item__overlay\"><\/div>\n\t\t\t\t\t\t\t\t\t\t\t\t\t\t<\/a>\n\t\t\t\t\t\t\t<a class=\"e-gallery-item elementor-gallery-item elementor-animated-content\" href=\"https:\/\/kvkrobotix.com\/wp-content\/uploads\/2025\/03\/20190902_135319-scaled.jpg\" data-elementor-open-lightbox=\"yes\" data-elementor-lightbox-slideshow=\"df3c0da\" data-elementor-lightbox-title=\"20190902_135319\" data-e-action-hash=\"#elementor-action%3Aaction%3Dlightbox%26settings%3DeyJpZCI6ODA2MiwidXJsIjoiaHR0cHM6XC9cL2t2a3JvYm90aXguY29tXC93cC1jb250ZW50XC91cGxvYWRzXC8yMDI1XC8wM1wvMjAxOTA5MDJfMTM1MzE5LXNjYWxlZC5qcGciLCJzbGlkZXNob3ciOiJkZjNjMGRhIn0%3D\">\n\t\t\t\t\t<div class=\"e-gallery-image elementor-gallery-item__image\" data-thumbnail=\"https:\/\/kvkrobotix.com\/wp-content\/uploads\/2025\/03\/20190902_135319-225x300.jpg\" data-width=\"225\" data-height=\"300\" aria-label=\"\" role=\"img\" ><\/div>\n\t\t\t\t\t\t\t\t\t\t\t<div class=\"elementor-gallery-item__overlay\"><\/div>\n\t\t\t\t\t\t\t\t\t\t\t\t\t\t<\/a>\n\t\t\t\t\t\t\t<a class=\"e-gallery-item elementor-gallery-item elementor-animated-content\" href=\"https:\/\/kvkrobotix.com\/wp-content\/uploads\/2025\/03\/20230313_094533-scaled.jpg\" data-elementor-open-lightbox=\"yes\" data-elementor-lightbox-slideshow=\"df3c0da\" data-elementor-lightbox-title=\"20230313_094533\" data-e-action-hash=\"#elementor-action%3Aaction%3Dlightbox%26settings%3DeyJpZCI6ODAzOCwidXJsIjoiaHR0cHM6XC9cL2t2a3JvYm90aXguY29tXC93cC1jb250ZW50XC91cGxvYWRzXC8yMDI1XC8wM1wvMjAyMzAzMTNfMDk0NTMzLXNjYWxlZC5qcGciLCJzbGlkZXNob3ciOiJkZjNjMGRhIn0%3D\">\n\t\t\t\t\t<div class=\"e-gallery-image elementor-gallery-item__image\" data-thumbnail=\"https:\/\/kvkrobotix.com\/wp-content\/uploads\/2025\/03\/20230313_094533-225x300.jpg\" data-width=\"225\" data-height=\"300\" aria-label=\"\" role=\"img\" ><\/div>\n\t\t\t\t\t\t\t\t\t\t\t<div class=\"elementor-gallery-item__overlay\"><\/div>\n\t\t\t\t\t\t\t\t\t\t\t\t\t\t<\/a>\n\t\t\t\t\t\t\t<a class=\"e-gallery-item elementor-gallery-item elementor-animated-content\" href=\"https:\/\/kvkrobotix.com\/wp-content\/uploads\/2025\/03\/20230621_153158-scaled.jpg\" data-elementor-open-lightbox=\"yes\" data-elementor-lightbox-slideshow=\"df3c0da\" data-elementor-lightbox-title=\"20230621_153158\" data-e-action-hash=\"#elementor-action%3Aaction%3Dlightbox%26settings%3DeyJpZCI6ODA2NSwidXJsIjoiaHR0cHM6XC9cL2t2a3JvYm90aXguY29tXC93cC1jb250ZW50XC91cGxvYWRzXC8yMDI1XC8wM1wvMjAyMzA2MjFfMTUzMTU4LXNjYWxlZC5qcGciLCJzbGlkZXNob3ciOiJkZjNjMGRhIn0%3D\">\n\t\t\t\t\t<div class=\"e-gallery-image elementor-gallery-item__image\" data-thumbnail=\"https:\/\/kvkrobotix.com\/wp-content\/uploads\/2025\/03\/20230621_153158-225x300.jpg\" data-width=\"225\" data-height=\"300\" aria-label=\"\" role=\"img\" ><\/div>\n\t\t\t\t\t\t\t\t\t\t\t<div class=\"elementor-gallery-item__overlay\"><\/div>\n\t\t\t\t\t\t\t\t\t\t\t\t\t\t<\/a>\n\t\t\t\t\t<\/div>\n\t\t\t\t\t<\/div>\n\t\t\t\t<\/div>\n\t\t\t\t\t<\/div>\n\t\t\t\t<\/div>\n\t\t\t\t<\/div>\n\t\t","protected":false},"excerpt":{"rendered":"<p>Metallindustrie Technische Dienstleistungen CNC-Bearbeitung Pr\u00e4zisionsdrehen, Fr\u00e4sen und mehrachsige Bearbeitung von Metallteilen. Horizontale Bearbeitung Bearbeitung von gro\u00dfen und sperrigen Teilen auf leistungsstarken horizontalen Maschinen. Drahtschneidemaschine (EDM) Hochpr\u00e4zises Schneiden von leitenden Materialien durch Elektroerosion. Biegen und Umformen von Blechen Umformen von Blechteilen in die gew\u00fcnschten Formen, Walzen, Biegen. Schwei\u00dfen und Montage Dichtes und pr\u00e4zises Zusammenf\u00fcgen von Teilen [&hellip;]<\/p>\n","protected":false},"author":1,"featured_media":0,"parent":0,"menu_order":0,"comment_status":"closed","ping_status":"closed","template":"elementor_header_footer","meta":{"_acf_changed":false,"footnotes":""},"class_list":["post-8363","page","type-page","status-publish","hentry"],"acf":[],"_hostinger_reach_plugin_has_subscription_block":false,"_hostinger_reach_plugin_is_elementor":false,"_links":{"self":[{"href":"https:\/\/kvkrobotix.com\/de\/wp-json\/wp\/v2\/pages\/8363","targetHints":{"allow":["GET"]}}],"collection":[{"href":"https:\/\/kvkrobotix.com\/de\/wp-json\/wp\/v2\/pages"}],"about":[{"href":"https:\/\/kvkrobotix.com\/de\/wp-json\/wp\/v2\/types\/page"}],"author":[{"embeddable":true,"href":"https:\/\/kvkrobotix.com\/de\/wp-json\/wp\/v2\/users\/1"}],"replies":[{"embeddable":true,"href":"https:\/\/kvkrobotix.com\/de\/wp-json\/wp\/v2\/comments?post=8363"}],"version-history":[{"count":1,"href":"https:\/\/kvkrobotix.com\/de\/wp-json\/wp\/v2\/pages\/8363\/revisions"}],"predecessor-version":[{"id":8364,"href":"https:\/\/kvkrobotix.com\/de\/wp-json\/wp\/v2\/pages\/8363\/revisions\/8364"}],"wp:attachment":[{"href":"https:\/\/kvkrobotix.com\/de\/wp-json\/wp\/v2\/media?parent=8363"}],"curies":[{"name":"wp","href":"https:\/\/api.w.org\/{rel}","templated":true}]}}