{"id":8373,"date":"2025-03-30T15:10:37","date_gmt":"2025-03-30T15:10:37","guid":{"rendered":"https:\/\/kvkrobotix.com\/wie-arbeiten-wir\/"},"modified":"2025-04-25T09:50:40","modified_gmt":"2025-04-25T09:50:40","slug":"wie-arbeiten-wir","status":"publish","type":"page","link":"https:\/\/kvkrobotix.com\/de\/wie-arbeiten-wir\/","title":{"rendered":"Wie arbeiten wir?"},"content":{"rendered":"\t\t<div data-elementor-type=\"wp-page\" data-elementor-id=\"8373\" class=\"elementor elementor-8373 elementor-7993\" data-elementor-post-type=\"page\">\n\t\t\t\t\t\t<section class=\"elementor-section elementor-top-section elementor-element elementor-element-804b7bd elementor-section-boxed elementor-section-height-default elementor-section-height-default\" data-id=\"804b7bd\" data-element_type=\"section\" data-e-type=\"section\">\n\t\t\t\t\t\t<div class=\"elementor-container elementor-column-gap-default\">\n\t\t\t\t\t\t<\/div>\n\t\t<\/section>\n\t\t<div class=\"elementor-element elementor-element-999f8ce e-ecs-flex e-flex e-con-boxed e-con e-parent\" data-id=\"999f8ce\" data-element_type=\"container\" data-e-type=\"container\" data-settings=\"{&quot;ecs_container_type&quot;:&quot;flex&quot;}\">\n\t\t\t\t\t<div class=\"e-con-inner\">\n\t\t<div class=\"elementor-element elementor-element-8793f2e e-con-full e-ecs-flex e-flex e-con e-child\" data-id=\"8793f2e\" data-element_type=\"container\" data-e-type=\"container\" data-settings=\"{&quot;ecs_container_type&quot;:&quot;flex&quot;}\">\n\t\t\t\t<div class=\"elementor-element elementor-element-598c808 elementor-widget elementor-widget-heading\" data-id=\"598c808\" data-element_type=\"widget\" data-e-type=\"widget\" data-widget_type=\"heading.default\">\n\t\t\t\t<div class=\"elementor-widget-container\">\n\t\t\t\t\t<h1 class=\"elementor-heading-title elementor-size-default\">Wie arbeiten wir?<\/h1>\t\t\t\t<\/div>\n\t\t\t\t<\/div>\n\t\t\t\t<div class=\"elementor-element elementor-element-0e244da elementor-widget elementor-widget-text-editor\" data-id=\"0e244da\" data-element_type=\"widget\" data-e-type=\"widget\" data-widget_type=\"text-editor.default\">\n\t\t\t\t<div class=\"elementor-widget-container\">\n\t\t\t\t\t\t\t\t\t<p>Zusammenarbeit, die einen Kopf und einen Absatz hat. Wir gehen jedes Projekt systematisch an &#8211; von der ersten Idee bis zum voll funktionsf\u00e4higen Ger\u00e4t.<\/p>\t\t\t\t\t\t\t\t<\/div>\n\t\t\t\t<\/div>\n\t\t\t\t<div class=\"elementor-element elementor-element-7d5490d elementor-icon-list--layout-traditional elementor-list-item-link-full_width elementor-widget elementor-widget-icon-list\" data-id=\"7d5490d\" data-element_type=\"widget\" data-e-type=\"widget\" data-widget_type=\"icon-list.default\">\n\t\t\t\t<div class=\"elementor-widget-container\">\n\t\t\t\t\t\t\t<ul class=\"elementor-icon-list-items\">\n\t\t\t\t\t\t\t<li class=\"elementor-icon-list-item\">\n\t\t\t\t\t\t\t\t\t\t\t<span class=\"elementor-icon-list-icon\">\n\t\t\t\t\t\t\t<i aria-hidden=\"true\" class=\"far fa-check-circle\"><\/i>\t\t\t\t\t\t<\/span>\n\t\t\t\t\t\t\t\t\t\t<span class=\"elementor-icon-list-text\"><b>Konsultation und Beauftragung<br><\/b>Wir h\u00f6ren uns Ihre Bed\u00fcrfnisse an, analysieren Ihren Verkehr und finden den besten Weg. Wir beraten Sie, was sinnvoll ist.<\/span>\n\t\t\t\t\t\t\t\t\t<\/li>\n\t\t\t\t\t\t\t\t<li class=\"elementor-icon-list-item\">\n\t\t\t\t\t\t\t\t\t\t\t<span class=\"elementor-icon-list-icon\">\n\t\t\t\t\t\t\t<i aria-hidden=\"true\" class=\"far fa-check-circle\"><\/i>\t\t\t\t\t\t<\/span>\n\t\t\t\t\t\t\t\t\t\t<span class=\"elementor-icon-list-text\"><b>Vorschlag f\u00fcr eine L\u00f6sung<br><\/b>Wir erstellen ein Konzept, technische Optionen und einen Entwurf der Maschine oder Anlage - einschlie\u00dflich einer Vorkalkulation.<\/span>\n\t\t\t\t\t\t\t\t\t<\/li>\n\t\t\t\t\t\t\t\t<li class=\"elementor-icon-list-item\">\n\t\t\t\t\t\t\t\t\t\t\t<span class=\"elementor-icon-list-icon\">\n\t\t\t\t\t\t\t<i aria-hidden=\"true\" class=\"far fa-check-circle\"><\/i>\t\t\t\t\t\t<\/span>\n\t\t\t\t\t\t\t\t\t\t<span class=\"elementor-icon-list-text\"><b>Entwurf und Entwicklung<br><\/b>Wir erstellen ein detailliertes 3D-Modell, Zeichnungen, Elektrodokumentation und Software. Wir stimmen alles so ab, dass es in Ihrer Produktion Sinn macht.<\/span>\n\t\t\t\t\t\t\t\t\t<\/li>\n\t\t\t\t\t\t\t\t<li class=\"elementor-icon-list-item\">\n\t\t\t\t\t\t\t\t\t\t\t<span class=\"elementor-icon-list-icon\">\n\t\t\t\t\t\t\t<i aria-hidden=\"true\" class=\"far fa-check-circle\"><\/i>\t\t\t\t\t\t<\/span>\n\t\t\t\t\t\t\t\t\t\t<span class=\"elementor-icon-list-text\"><b>Produktion und Montage<br><\/b>Wir bieten die Herstellung von Teilen, den Zusammenbau der Maschine und die komplette Montage an. Wir arbeiten nur mit gepr\u00fcften Lieferanten zusammen.<\/span>\n\t\t\t\t\t\t\t\t\t<\/li>\n\t\t\t\t\t\t\t\t<li class=\"elementor-icon-list-item\">\n\t\t\t\t\t\t\t\t\t\t\t<span class=\"elementor-icon-list-icon\">\n\t\t\t\t\t\t\t<i aria-hidden=\"true\" class=\"far fa-check-circle\"><\/i>\t\t\t\t\t\t<\/span>\n\t\t\t\t\t\t\t\t\t\t<span class=\"elementor-icon-list-text\"><b>Wiederherstellung und Pr\u00fcfung<br><\/b>Wir nehmen die Maschine in Betrieb, stellen die Steuerung ein und testen sie direkt bei Ihnen vor Ort. Wir sorgen f\u00fcr die Feinabstimmung jedes Details.<\/span>\n\t\t\t\t\t\t\t\t\t<\/li>\n\t\t\t\t\t\t\t\t<li class=\"elementor-icon-list-item\">\n\t\t\t\t\t\t\t\t\t\t\t<span class=\"elementor-icon-list-icon\">\n\t\t\t\t\t\t\t<i aria-hidden=\"true\" class=\"far fa-check-circle\"><\/i>\t\t\t\t\t\t<\/span>\n\t\t\t\t\t\t\t\t\t\t<span class=\"elementor-icon-list-text\"><b>\u00dcbergabe und Service<br><\/b>Wir \u00fcbergeben Ihnen eine voll funktionsf\u00e4hige L\u00f6sung, schulen den Bediener und stehen Ihnen weiterhin zur Verf\u00fcgung. Wir bieten Service, Unterst\u00fctzung und Entwicklung.<\/span>\n\t\t\t\t\t\t\t\t\t<\/li>\n\t\t\t\t\t\t<\/ul>\n\t\t\t\t\t\t<\/div>\n\t\t\t\t<\/div>\n\t\t\t\t<\/div>\n\t\t\t\t\t<\/div>\n\t\t\t\t<\/div>\n\t\t\t\t<section class=\"elementor-section elementor-top-section elementor-element elementor-element-5af631c elementor-section-boxed elementor-section-height-default elementor-section-height-default\" data-id=\"5af631c\" data-element_type=\"section\" data-e-type=\"section\">\n\t\t\t\t\t\t<div class=\"elementor-container elementor-column-gap-default\">\n\t\t\t\t\t\t<\/div>\n\t\t<\/section>\n\t\t\t\t<\/div>\n\t\t","protected":false},"excerpt":{"rendered":"<p>Wie arbeiten wir? Zusammenarbeit, die einen Kopf und einen Absatz hat. Wir gehen jedes Projekt systematisch an &#8211; von der ersten Idee bis zum voll funktionsf\u00e4higen Ger\u00e4t. Konsultation und BeauftragungWir h\u00f6ren uns Ihre Bed\u00fcrfnisse an, analysieren Ihren Verkehr und finden den besten Weg. Wir beraten Sie, was sinnvoll ist. Vorschlag f\u00fcr eine L\u00f6sungWir erstellen ein [&hellip;]<\/p>\n","protected":false},"author":1,"featured_media":0,"parent":0,"menu_order":0,"comment_status":"closed","ping_status":"closed","template":"elementor_header_footer","meta":{"_acf_changed":false,"footnotes":""},"class_list":["post-8373","page","type-page","status-publish","hentry"],"acf":[],"_hostinger_reach_plugin_has_subscription_block":false,"_hostinger_reach_plugin_is_elementor":false,"_links":{"self":[{"href":"https:\/\/kvkrobotix.com\/de\/wp-json\/wp\/v2\/pages\/8373","targetHints":{"allow":["GET"]}}],"collection":[{"href":"https:\/\/kvkrobotix.com\/de\/wp-json\/wp\/v2\/pages"}],"about":[{"href":"https:\/\/kvkrobotix.com\/de\/wp-json\/wp\/v2\/types\/page"}],"author":[{"embeddable":true,"href":"https:\/\/kvkrobotix.com\/de\/wp-json\/wp\/v2\/users\/1"}],"replies":[{"embeddable":true,"href":"https:\/\/kvkrobotix.com\/de\/wp-json\/wp\/v2\/comments?post=8373"}],"version-history":[{"count":1,"href":"https:\/\/kvkrobotix.com\/de\/wp-json\/wp\/v2\/pages\/8373\/revisions"}],"predecessor-version":[{"id":8374,"href":"https:\/\/kvkrobotix.com\/de\/wp-json\/wp\/v2\/pages\/8373\/revisions\/8374"}],"wp:attachment":[{"href":"https:\/\/kvkrobotix.com\/de\/wp-json\/wp\/v2\/media?parent=8373"}],"curies":[{"name":"wp","href":"https:\/\/api.w.org\/{rel}","templated":true}]}}