{"id":8385,"date":"2025-03-30T11:11:46","date_gmt":"2025-03-30T11:11:46","guid":{"rendered":"https:\/\/kvkrobotix.com\/dienstleistungen\/"},"modified":"2025-04-25T10:06:29","modified_gmt":"2025-04-25T10:06:29","slug":"dienstleistungen","status":"publish","type":"page","link":"https:\/\/kvkrobotix.com\/de\/dienstleistungen\/","title":{"rendered":"Dienstleistungen"},"content":{"rendered":"\t\t<div data-elementor-type=\"wp-page\" data-elementor-id=\"8385\" class=\"elementor elementor-8385 elementor-7945\" data-elementor-post-type=\"page\">\n\t\t\t\t\t\t<section class=\"elementor-section elementor-top-section elementor-element elementor-element-d7cec91 elementor-section-boxed elementor-section-height-default elementor-section-height-default\" data-id=\"d7cec91\" data-element_type=\"section\" data-e-type=\"section\">\n\t\t\t\t\t\t<div class=\"elementor-container elementor-column-gap-default\">\n\t\t\t\t\t\t<\/div>\n\t\t<\/section>\n\t\t<div class=\"elementor-element elementor-element-41f8873 e-ecs-flex e-flex e-con-boxed e-con e-parent\" data-id=\"41f8873\" data-element_type=\"container\" data-e-type=\"container\" data-settings=\"{&quot;ecs_container_type&quot;:&quot;flex&quot;}\">\n\t\t\t\t\t<div class=\"e-con-inner\">\n\t\t<div class=\"elementor-element elementor-element-0cfcb88 e-con-full e-ecs-flex e-flex e-con e-child\" data-id=\"0cfcb88\" data-element_type=\"container\" data-e-type=\"container\" data-settings=\"{&quot;ecs_container_type&quot;:&quot;flex&quot;}\">\n\t\t\t\t<div class=\"elementor-element elementor-element-fb6bf96 elementor-widget elementor-widget-heading\" data-id=\"fb6bf96\" data-element_type=\"widget\" data-e-type=\"widget\" data-widget_type=\"heading.default\">\n\t\t\t\t<div class=\"elementor-widget-container\">\n\t\t\t\t\t<h1 class=\"elementor-heading-title elementor-size-default\">Dienstleistungen<\/h1>\t\t\t\t<\/div>\n\t\t\t\t<\/div>\n\t\t\t\t<\/div>\n\t\t\t\t\t<\/div>\n\t\t\t\t<\/div>\n\t\t<div class=\"elementor-element elementor-element-9b6c235 e-ecs-flex e-flex e-con-boxed e-con e-parent\" data-id=\"9b6c235\" data-element_type=\"container\" data-e-type=\"container\" data-settings=\"{&quot;ecs_container_type&quot;:&quot;flex&quot;}\">\n\t\t\t\t\t<div class=\"e-con-inner\">\n\t\t<div class=\"elementor-element elementor-element-f25ad87 e-con-full e-ecs-flex e-flex e-con e-child\" data-id=\"f25ad87\" data-element_type=\"container\" data-e-type=\"container\" data-settings=\"{&quot;ecs_container_type&quot;:&quot;flex&quot;}\">\n\t\t\t\t<div class=\"elementor-element elementor-element-2829948 elementor-widget elementor-widget-image\" data-id=\"2829948\" data-element_type=\"widget\" data-e-type=\"widget\" data-widget_type=\"image.default\">\n\t\t\t\t<div class=\"elementor-widget-container\">\n\t\t\t\t\t\t\t\t\t\t\t\t\t\t\t<img fetchpriority=\"high\" decoding=\"async\" width=\"1024\" height=\"1024\" src=\"https:\/\/kvkrobotix.com\/wp-content\/uploads\/2025\/03\/vyvoj2.png\" class=\"attachment-full size-full wp-image-7949\" alt=\"\" srcset=\"https:\/\/kvkrobotix.com\/wp-content\/uploads\/2025\/03\/vyvoj2.png.webp 1024w, https:\/\/kvkrobotix.com\/wp-content\/uploads\/2025\/03\/vyvoj2-300x300.png.webp 300w, https:\/\/kvkrobotix.com\/wp-content\/uploads\/2025\/03\/vyvoj2-150x150.png.webp 150w, https:\/\/kvkrobotix.com\/wp-content\/uploads\/2025\/03\/vyvoj2-768x768.png.webp 768w\" sizes=\"(max-width: 1024px) 100vw, 1024px\" \/>\t\t\t\t\t\t\t\t\t\t\t\t\t\t\t<\/div>\n\t\t\t\t<\/div>\n\t\t\t\t<\/div>\n\t\t<div class=\"elementor-element elementor-element-1bc45f8 e-con-full e-ecs-flex e-flex e-con e-child\" data-id=\"1bc45f8\" data-element_type=\"container\" data-e-type=\"container\" data-settings=\"{&quot;ecs_container_type&quot;:&quot;flex&quot;}\">\n\t\t\t\t<div class=\"elementor-element elementor-element-39f3401 elementor-widget elementor-widget-heading\" data-id=\"39f3401\" data-element_type=\"widget\" data-e-type=\"widget\" data-widget_type=\"heading.default\">\n\t\t\t\t<div class=\"elementor-widget-container\">\n\t\t\t\t\t<h2 class=\"elementor-heading-title elementor-size-default\">Entwurf und Entwicklung\n<\/h2>\t\t\t\t<\/div>\n\t\t\t\t<\/div>\n\t\t\t\t<div class=\"elementor-element elementor-element-66072a8 elementor-widget elementor-widget-text-editor\" data-id=\"66072a8\" data-element_type=\"widget\" data-e-type=\"widget\" data-widget_type=\"text-editor.default\">\n\t\t\t\t<div class=\"elementor-widget-container\">\n\t\t\t\t\t\t\t\t\t<p>Alles beginnt mit einer Idee &#8211; und wir wissen, wie man sie weiterentwickelt. Wir helfen Ihnen, eine Idee in eine funktionierende technische L\u00f6sung zu verwandeln, die nicht nur funktioniert, sondern Ihnen auch einen Wettbewerbsvorteil verschafft. <\/p><p>Gemeinsam mit Ihnen entwerfen wir intelligente Maschinen, Ger\u00e4te oder automatisierte Arbeitspl\u00e4tze, die genau auf Ihre Bed\u00fcrfnisse zugeschnitten sind. Wir nutzen moderne 3D-Modellierungs-, Simulations- und Designwerkzeuge, um alles zu testen, bevor das erste Teil produziert wird. <\/p><p>Dank unserer Erfahrung finden wir schnell den Weg vom Konzept zur Produktionsdokumentation. Ob Sie eine klare Vorstellung haben oder eine innovative L\u00f6sung suchen &#8211; wir sind bereit, von Anfang an mit Ihnen zusammenzuarbeiten. <\/p>\t\t\t\t\t\t\t\t<\/div>\n\t\t\t\t<\/div>\n\t\t\t\t<\/div>\n\t\t\t\t\t<\/div>\n\t\t\t\t<\/div>\n\t\t<div class=\"elementor-element elementor-element-e94d8d5 e-ecs-flex e-flex e-con-boxed e-con e-parent\" data-id=\"e94d8d5\" data-element_type=\"container\" data-e-type=\"container\" data-settings=\"{&quot;ecs_container_type&quot;:&quot;flex&quot;}\">\n\t\t\t\t\t<div class=\"e-con-inner\">\n\t\t<div class=\"elementor-element elementor-element-527a688 e-con-full e-ecs-flex e-flex e-con e-child\" data-id=\"527a688\" data-element_type=\"container\" data-e-type=\"container\" data-settings=\"{&quot;ecs_container_type&quot;:&quot;flex&quot;}\">\n\t\t\t\t<div class=\"elementor-element elementor-element-3dfd790 elementor-widget elementor-widget-image\" data-id=\"3dfd790\" data-element_type=\"widget\" data-e-type=\"widget\" data-widget_type=\"image.default\">\n\t\t\t\t<div class=\"elementor-widget-container\">\n\t\t\t\t\t\t\t\t\t\t\t\t\t\t\t<img decoding=\"async\" width=\"1536\" height=\"1024\" src=\"https:\/\/kvkrobotix.com\/wp-content\/uploads\/2025\/03\/konstrukce.png\" class=\"attachment-full size-full wp-image-7952\" alt=\"\" srcset=\"https:\/\/kvkrobotix.com\/wp-content\/uploads\/2025\/03\/konstrukce.png.webp 1536w, https:\/\/kvkrobotix.com\/wp-content\/uploads\/2025\/03\/konstrukce-300x200.png.webp 300w, https:\/\/kvkrobotix.com\/wp-content\/uploads\/2025\/03\/konstrukce-1024x683.png.webp 1024w, https:\/\/kvkrobotix.com\/wp-content\/uploads\/2025\/03\/konstrukce-768x512.png.webp 768w\" sizes=\"(max-width: 1536px) 100vw, 1536px\" \/>\t\t\t\t\t\t\t\t\t\t\t\t\t\t\t<\/div>\n\t\t\t\t<\/div>\n\t\t\t\t<\/div>\n\t\t<div class=\"elementor-element elementor-element-3f8ff8a e-con-full e-ecs-flex e-flex e-con e-child\" data-id=\"3f8ff8a\" data-element_type=\"container\" data-e-type=\"container\" data-settings=\"{&quot;ecs_container_type&quot;:&quot;flex&quot;}\">\n\t\t\t\t<div class=\"elementor-element elementor-element-78ed46f elementor-widget elementor-widget-heading\" data-id=\"78ed46f\" data-element_type=\"widget\" data-e-type=\"widget\" data-widget_type=\"heading.default\">\n\t\t\t\t<div class=\"elementor-widget-container\">\n\t\t\t\t\t<h2 class=\"elementor-heading-title elementor-size-default\">Bauwesen<\/h2>\t\t\t\t<\/div>\n\t\t\t\t<\/div>\n\t\t\t\t<div class=\"elementor-element elementor-element-dc3c533 elementor-widget elementor-widget-text-editor\" data-id=\"dc3c533\" data-element_type=\"widget\" data-e-type=\"widget\" data-widget_type=\"text-editor.default\">\n\t\t\t\t<div class=\"elementor-widget-container\">\n\t\t\t\t\t\t\t\t\t<p>Pr\u00e4zision, Funktionalit\u00e4t und durchdachte Details &#8211; das sind die Grundlagen einer jeden Qualit\u00e4tskonstruktion. Bei KVK Robotix entwickeln wir Maschinen und Anlagen, die wirklich funktionieren. <\/p><p>Auf der Grundlage des technischen Entwurfs erstellen wir eine komplette Konstruktionsl\u00f6sung, die f\u00fcr die Produktion, die Montage und den k\u00fcnftigen Service optimiert ist. Wir verwenden professionelle CAD-Systeme, wir wissen, wie man f\u00fcr den realen Betrieb entwirft und wir verstehen, was in der Werkstatt passiert. <\/p><p>Bei unseren Entw\u00fcrfen geht es nicht nur um technische Zeichnungen &#8211; es geht um Effizienz, Wartungsfreundlichkeit, Sicherheit und langfristige Zuverl\u00e4ssigkeit. Genau das, was Sie von einer Maschine erwarten. <\/p>\t\t\t\t\t\t\t\t<\/div>\n\t\t\t\t<\/div>\n\t\t\t\t<\/div>\n\t\t\t\t\t<\/div>\n\t\t\t\t<\/div>\n\t\t<div class=\"elementor-element elementor-element-dc60244 e-ecs-flex e-flex e-con-boxed e-con e-parent\" data-id=\"dc60244\" data-element_type=\"container\" data-e-type=\"container\" data-settings=\"{&quot;ecs_container_type&quot;:&quot;flex&quot;}\">\n\t\t\t\t\t<div class=\"e-con-inner\">\n\t\t<div class=\"elementor-element elementor-element-6cf7fee e-con-full e-ecs-flex e-flex e-con e-child\" data-id=\"6cf7fee\" data-element_type=\"container\" data-e-type=\"container\" data-settings=\"{&quot;ecs_container_type&quot;:&quot;flex&quot;}\">\n\t\t\t\t<div class=\"elementor-element elementor-element-4ba119f elementor-widget elementor-widget-image\" data-id=\"4ba119f\" data-element_type=\"widget\" data-e-type=\"widget\" data-widget_type=\"image.default\">\n\t\t\t\t<div class=\"elementor-widget-container\">\n\t\t\t\t\t\t\t\t\t\t\t\t\t\t\t<img decoding=\"async\" width=\"1536\" height=\"1024\" src=\"https:\/\/kvkrobotix.com\/wp-content\/uploads\/2025\/03\/obrabeni.png\" class=\"attachment-full size-full wp-image-7955\" alt=\"\" srcset=\"https:\/\/kvkrobotix.com\/wp-content\/uploads\/2025\/03\/obrabeni.png.webp 1536w, https:\/\/kvkrobotix.com\/wp-content\/uploads\/2025\/03\/obrabeni-300x200.png.webp 300w, https:\/\/kvkrobotix.com\/wp-content\/uploads\/2025\/03\/obrabeni-1024x683.png.webp 1024w, https:\/\/kvkrobotix.com\/wp-content\/uploads\/2025\/03\/obrabeni-768x512.png.webp 768w\" sizes=\"(max-width: 1536px) 100vw, 1536px\" \/>\t\t\t\t\t\t\t\t\t\t\t\t\t\t\t<\/div>\n\t\t\t\t<\/div>\n\t\t\t\t<\/div>\n\t\t<div class=\"elementor-element elementor-element-92fdc36 e-con-full e-ecs-flex e-flex e-con e-child\" data-id=\"92fdc36\" data-element_type=\"container\" data-e-type=\"container\" data-settings=\"{&quot;ecs_container_type&quot;:&quot;flex&quot;}\">\n\t\t\t\t<div class=\"elementor-element elementor-element-7e27a74 elementor-widget elementor-widget-heading\" data-id=\"7e27a74\" data-element_type=\"widget\" data-e-type=\"widget\" data-widget_type=\"heading.default\">\n\t\t\t\t<div class=\"elementor-widget-container\">\n\t\t\t\t\t<h2 class=\"elementor-heading-title elementor-size-default\">Herstellung von Teilen\n<\/h2>\t\t\t\t<\/div>\n\t\t\t\t<\/div>\n\t\t\t\t<div class=\"elementor-element elementor-element-185ed5e elementor-widget elementor-widget-text-editor\" data-id=\"185ed5e\" data-element_type=\"widget\" data-e-type=\"widget\" data-widget_type=\"text-editor.default\">\n\t\t\t\t<div class=\"elementor-widget-container\">\n\t\t\t\t\t\t\t\t\t<p>Vom Papier zum Metall. Wenn der Entwurf fertig ist, ist es Zeit f\u00fcr eine pr\u00e4zise und zuverl\u00e4ssige Produktion. <\/p><p>Wir bieten die Produktion von mechanischen Teilen f\u00fcr unsere Maschinen sowie die Einzel- und Serienfertigung an. Wir arbeiten mit bew\u00e4hrten Lieferanten zusammen, haben Zugang zu moderner CNC-Technik und \u00fcberwachen die Qualit\u00e4t jedes Teils. <\/p><p>Alles, was wir konstruieren, k\u00f6nnen wir auch fertigen &#8211; exakt nach Zeichnung, in dem gew\u00fcnschten Material und mit Toleranzen, die dem tats\u00e4chlichen Betrieb entsprechen. Der Entwurf endet nicht bei uns &#8211; er nimmt bei uns Gestalt an. <\/p>\t\t\t\t\t\t\t\t<\/div>\n\t\t\t\t<\/div>\n\t\t\t\t<\/div>\n\t\t\t\t\t<\/div>\n\t\t\t\t<\/div>\n\t\t<div class=\"elementor-element elementor-element-bc66934 e-ecs-flex e-flex e-con-boxed e-con e-parent\" data-id=\"bc66934\" data-element_type=\"container\" data-e-type=\"container\" data-settings=\"{&quot;ecs_container_type&quot;:&quot;flex&quot;}\">\n\t\t\t\t\t<div class=\"e-con-inner\">\n\t\t<div class=\"elementor-element elementor-element-0e1436f e-con-full e-ecs-flex e-flex e-con e-child\" data-id=\"0e1436f\" data-element_type=\"container\" data-e-type=\"container\" data-settings=\"{&quot;ecs_container_type&quot;:&quot;flex&quot;}\">\n\t\t\t\t<div class=\"elementor-element elementor-element-f858489 elementor-widget elementor-widget-image\" data-id=\"f858489\" data-element_type=\"widget\" data-e-type=\"widget\" data-widget_type=\"image.default\">\n\t\t\t\t<div class=\"elementor-widget-container\">\n\t\t\t\t\t\t\t\t\t\t\t\t\t\t\t<img loading=\"lazy\" decoding=\"async\" width=\"1536\" height=\"1024\" src=\"https:\/\/kvkrobotix.com\/wp-content\/uploads\/2025\/03\/montaz2.png\" class=\"attachment-full size-full wp-image-7965\" alt=\"\" srcset=\"https:\/\/kvkrobotix.com\/wp-content\/uploads\/2025\/03\/montaz2.png.webp 1536w, https:\/\/kvkrobotix.com\/wp-content\/uploads\/2025\/03\/montaz2-300x200.png 300w, https:\/\/kvkrobotix.com\/wp-content\/uploads\/2025\/03\/montaz2-1024x683.png 1024w, https:\/\/kvkrobotix.com\/wp-content\/uploads\/2025\/03\/montaz2-768x512.png 768w\" sizes=\"(max-width: 1536px) 100vw, 1536px\" \/>\t\t\t\t\t\t\t\t\t\t\t\t\t\t\t<\/div>\n\t\t\t\t<\/div>\n\t\t\t\t<\/div>\n\t\t<div class=\"elementor-element elementor-element-59bc5b5 e-con-full e-ecs-flex e-flex e-con e-child\" data-id=\"59bc5b5\" data-element_type=\"container\" data-e-type=\"container\" data-settings=\"{&quot;ecs_container_type&quot;:&quot;flex&quot;}\">\n\t\t\t\t<div class=\"elementor-element elementor-element-642e698 elementor-widget elementor-widget-heading\" data-id=\"642e698\" data-element_type=\"widget\" data-e-type=\"widget\" data-widget_type=\"heading.default\">\n\t\t\t\t<div class=\"elementor-widget-container\">\n\t\t\t\t\t<h2 class=\"elementor-heading-title elementor-size-default\">Montage und Integration\n<\/h2>\t\t\t\t<\/div>\n\t\t\t\t<\/div>\n\t\t\t\t<div class=\"elementor-element elementor-element-6bdb54a elementor-widget elementor-widget-text-editor\" data-id=\"6bdb54a\" data-element_type=\"widget\" data-e-type=\"widget\" data-widget_type=\"text-editor.default\">\n\t\t\t\t<div class=\"elementor-widget-container\">\n\t\t\t\t\t\t\t\t\t<p>Wenn alle Teile fertig sind, ist es an der Zeit, sie zusammenzubauen.<\/p><p>Wir bieten professionelle Montage von Maschinen, Anlagen und ganzen technologischen Einheiten. Wir bieten nicht nur mechanische Montage, sondern auch Verkabelung, Pneumatik und Anschluss an die bestehende Infrastruktur. <\/p><p>Dank unserer Erfahrung mit Industrieanlagen wissen wir, dass die Integration neuer Ger\u00e4te die Produktion nicht st\u00f6ren darf. Wir passen uns an Ihre r\u00e4umlichen und zeitlichen M\u00f6glichkeiten an und sorgen f\u00fcr eine reibungslose Umsetzung. <\/p>\t\t\t\t\t\t\t\t<\/div>\n\t\t\t\t<\/div>\n\t\t\t\t<\/div>\n\t\t\t\t\t<\/div>\n\t\t\t\t<\/div>\n\t\t<div class=\"elementor-element elementor-element-2662d10 e-ecs-flex e-flex e-con-boxed e-con e-parent\" data-id=\"2662d10\" data-element_type=\"container\" data-e-type=\"container\" data-settings=\"{&quot;ecs_container_type&quot;:&quot;flex&quot;}\">\n\t\t\t\t\t<div class=\"e-con-inner\">\n\t\t<div class=\"elementor-element elementor-element-366c847 e-con-full e-ecs-flex e-flex e-con e-child\" data-id=\"366c847\" data-element_type=\"container\" data-e-type=\"container\" data-settings=\"{&quot;ecs_container_type&quot;:&quot;flex&quot;}\">\n\t\t\t\t<div class=\"elementor-element elementor-element-e489d9e elementor-widget elementor-widget-image\" data-id=\"e489d9e\" data-element_type=\"widget\" data-e-type=\"widget\" data-widget_type=\"image.default\">\n\t\t\t\t<div class=\"elementor-widget-container\">\n\t\t\t\t\t\t\t\t\t\t\t\t\t\t\t<img loading=\"lazy\" decoding=\"async\" width=\"1536\" height=\"1024\" src=\"https:\/\/kvkrobotix.com\/wp-content\/uploads\/2025\/03\/oziveni.png\" class=\"attachment-full size-full wp-image-7968\" alt=\"\" srcset=\"https:\/\/kvkrobotix.com\/wp-content\/uploads\/2025\/03\/oziveni.png.webp 1536w, https:\/\/kvkrobotix.com\/wp-content\/uploads\/2025\/03\/oziveni-300x200.png.webp 300w, https:\/\/kvkrobotix.com\/wp-content\/uploads\/2025\/03\/oziveni-1024x683.png.webp 1024w, https:\/\/kvkrobotix.com\/wp-content\/uploads\/2025\/03\/oziveni-768x512.png.webp 768w\" sizes=\"(max-width: 1536px) 100vw, 1536px\" \/>\t\t\t\t\t\t\t\t\t\t\t\t\t\t\t<\/div>\n\t\t\t\t<\/div>\n\t\t\t\t<\/div>\n\t\t<div class=\"elementor-element elementor-element-ac63e2f e-con-full e-ecs-flex e-flex e-con e-child\" data-id=\"ac63e2f\" data-element_type=\"container\" data-e-type=\"container\" data-settings=\"{&quot;ecs_container_type&quot;:&quot;flex&quot;}\">\n\t\t\t\t<div class=\"elementor-element elementor-element-dcef632 elementor-widget elementor-widget-heading\" data-id=\"dcef632\" data-element_type=\"widget\" data-e-type=\"widget\" data-widget_type=\"heading.default\">\n\t\t\t\t<div class=\"elementor-widget-container\">\n\t\t\t\t\t<h2 class=\"elementor-heading-title elementor-size-default\">Wiederherstellung und Pr\u00fcfung\n<\/h2>\t\t\t\t<\/div>\n\t\t\t\t<\/div>\n\t\t\t\t<div class=\"elementor-element elementor-element-3ee963e elementor-widget elementor-widget-text-editor\" data-id=\"3ee963e\" data-element_type=\"widget\" data-e-type=\"widget\" data-widget_type=\"text-editor.default\">\n\t\t\t\t<div class=\"elementor-widget-container\">\n\t\t\t\t\t\t\t\t\t<p>Wenn alles zusammengebaut ist, kommt der wichtigste Teil &#8211; die Maschine zum Leben zu erwecken.<\/p><p>Wir nehmen jedes Ger\u00e4t gr\u00fcndlich wieder auf, richten es ein und testen es im Echtbetrieb. Die Steuerung, Antriebe, Sensoren und Sicherheitseinrichtungen &#8211; alles muss genau so funktionieren, wie es soll. <\/p><p>Wir testen Funktionalit\u00e4t, Zuverl\u00e4ssigkeit und Alltagstauglichkeit. Wir verlassen ein Projekt erst dann, wenn wir sicher sind, dass alles einwandfrei l\u00e4uft. Und das Wichtigste: dass es f\u00fcr Sie Sinn macht.  <\/p>\t\t\t\t\t\t\t\t<\/div>\n\t\t\t\t<\/div>\n\t\t\t\t<\/div>\n\t\t\t\t\t<\/div>\n\t\t\t\t<\/div>\n\t\t<div class=\"elementor-element elementor-element-763d0cf e-ecs-flex e-flex e-con-boxed e-con e-parent\" data-id=\"763d0cf\" data-element_type=\"container\" data-e-type=\"container\" data-settings=\"{&quot;ecs_container_type&quot;:&quot;flex&quot;}\">\n\t\t\t\t\t<div class=\"e-con-inner\">\n\t\t<div class=\"elementor-element elementor-element-fdca17c e-con-full e-ecs-flex e-flex e-con e-child\" data-id=\"fdca17c\" data-element_type=\"container\" data-e-type=\"container\" data-settings=\"{&quot;ecs_container_type&quot;:&quot;flex&quot;}\">\n\t\t\t\t<div class=\"elementor-element elementor-element-55e27bb elementor-widget elementor-widget-image\" data-id=\"55e27bb\" data-element_type=\"widget\" data-e-type=\"widget\" data-widget_type=\"image.default\">\n\t\t\t\t<div class=\"elementor-widget-container\">\n\t\t\t\t\t\t\t\t\t\t\t\t\t\t\t<img loading=\"lazy\" decoding=\"async\" width=\"1536\" height=\"1024\" src=\"https:\/\/kvkrobotix.com\/wp-content\/uploads\/2025\/03\/servis3.png\" class=\"attachment-full size-full wp-image-7971\" alt=\"\" srcset=\"https:\/\/kvkrobotix.com\/wp-content\/uploads\/2025\/03\/servis3.png.webp 1536w, https:\/\/kvkrobotix.com\/wp-content\/uploads\/2025\/03\/servis3-300x200.png.webp 300w, https:\/\/kvkrobotix.com\/wp-content\/uploads\/2025\/03\/servis3-1024x683.png.webp 1024w, https:\/\/kvkrobotix.com\/wp-content\/uploads\/2025\/03\/servis3-768x512.png.webp 768w\" sizes=\"(max-width: 1536px) 100vw, 1536px\" \/>\t\t\t\t\t\t\t\t\t\t\t\t\t\t\t<\/div>\n\t\t\t\t<\/div>\n\t\t\t\t<\/div>\n\t\t<div class=\"elementor-element elementor-element-aeb00a0 e-con-full e-ecs-flex e-flex e-con e-child\" data-id=\"aeb00a0\" data-element_type=\"container\" data-e-type=\"container\" data-settings=\"{&quot;ecs_container_type&quot;:&quot;flex&quot;}\">\n\t\t\t\t<div class=\"elementor-element elementor-element-ae0716a elementor-widget elementor-widget-heading\" data-id=\"ae0716a\" data-element_type=\"widget\" data-e-type=\"widget\" data-widget_type=\"heading.default\">\n\t\t\t\t<div class=\"elementor-widget-container\">\n\t\t\t\t\t<h2 class=\"elementor-heading-title elementor-size-default\">Service und Unterst\u00fctzung\n<\/h2>\t\t\t\t<\/div>\n\t\t\t\t<\/div>\n\t\t\t\t<div class=\"elementor-element elementor-element-8768230 elementor-widget elementor-widget-text-editor\" data-id=\"8768230\" data-element_type=\"widget\" data-e-type=\"widget\" data-widget_type=\"text-editor.default\">\n\t\t\t\t<div class=\"elementor-widget-container\">\n\t\t\t\t\t\t\t\t\t<p>Unsere Arbeit endet nicht mit der \u00dcbergabe der Maschine. Wir sind noch lange danach f\u00fcr Sie da. <\/p><p>Wir bieten technische Unterst\u00fctzung, Ferndiagnose und schnellen Service vor Ort. Wir \u00fcberwachen den Zustand der Anlagen, schlagen vorbeugende Ma\u00dfnahmen vor und helfen bei der Anpassung an den aktuellen Produktionsbedarf. <\/p><p>Ob Routinewartung, St\u00f6rung oder System-Upgrade &#8211; wir reagieren schnell, zuverl\u00e4ssig und mit dem vollen Wissen \u00fcber die von uns f\u00fcr Sie entwickelte Technologie.<\/p>\t\t\t\t\t\t\t\t<\/div>\n\t\t\t\t<\/div>\n\t\t\t\t<\/div>\n\t\t\t\t\t<\/div>\n\t\t\t\t<\/div>\n\t\t\t\t<\/div>\n\t\t","protected":false},"excerpt":{"rendered":"<p>Dienstleistungen Entwurf und Entwicklung Alles beginnt mit einer Idee &#8211; und wir wissen, wie man sie weiterentwickelt. Wir helfen Ihnen, eine Idee in eine funktionierende technische L\u00f6sung zu verwandeln, die nicht nur funktioniert, sondern Ihnen auch einen Wettbewerbsvorteil verschafft. Gemeinsam mit Ihnen entwerfen wir intelligente Maschinen, Ger\u00e4te oder automatisierte Arbeitspl\u00e4tze, die genau auf Ihre Bed\u00fcrfnisse [&hellip;]<\/p>\n","protected":false},"author":1,"featured_media":0,"parent":0,"menu_order":0,"comment_status":"closed","ping_status":"closed","template":"elementor_header_footer","meta":{"_acf_changed":false,"footnotes":""},"class_list":["post-8385","page","type-page","status-publish","hentry"],"acf":[],"_hostinger_reach_plugin_has_subscription_block":false,"_hostinger_reach_plugin_is_elementor":false,"_links":{"self":[{"href":"https:\/\/kvkrobotix.com\/de\/wp-json\/wp\/v2\/pages\/8385","targetHints":{"allow":["GET"]}}],"collection":[{"href":"https:\/\/kvkrobotix.com\/de\/wp-json\/wp\/v2\/pages"}],"about":[{"href":"https:\/\/kvkrobotix.com\/de\/wp-json\/wp\/v2\/types\/page"}],"author":[{"embeddable":true,"href":"https:\/\/kvkrobotix.com\/de\/wp-json\/wp\/v2\/users\/1"}],"replies":[{"embeddable":true,"href":"https:\/\/kvkrobotix.com\/de\/wp-json\/wp\/v2\/comments?post=8385"}],"version-history":[{"count":1,"href":"https:\/\/kvkrobotix.com\/de\/wp-json\/wp\/v2\/pages\/8385\/revisions"}],"predecessor-version":[{"id":8386,"href":"https:\/\/kvkrobotix.com\/de\/wp-json\/wp\/v2\/pages\/8385\/revisions\/8386"}],"wp:attachment":[{"href":"https:\/\/kvkrobotix.com\/de\/wp-json\/wp\/v2\/media?parent=8385"}],"curies":[{"name":"wp","href":"https:\/\/api.w.org\/{rel}","templated":true}]}}