{"id":8395,"date":"2025-03-30T15:00:21","date_gmt":"2025-03-30T15:00:21","guid":{"rendered":"https:\/\/kvkrobotix.com\/lederindustrie\/"},"modified":"2025-04-25T10:20:36","modified_gmt":"2025-04-25T10:20:36","slug":"lederindustrie","status":"publish","type":"page","link":"https:\/\/kvkrobotix.com\/de\/lederindustrie\/","title":{"rendered":"Lederindustrie"},"content":{"rendered":"\t\t<div data-elementor-type=\"wp-page\" data-elementor-id=\"8395\" class=\"elementor elementor-8395 elementor-7987\" data-elementor-post-type=\"page\">\n\t\t\t\t\t\t<section class=\"elementor-section elementor-top-section elementor-element elementor-element-0d22dd4 elementor-section-boxed elementor-section-height-default elementor-section-height-default\" data-id=\"0d22dd4\" data-element_type=\"section\" data-e-type=\"section\">\n\t\t\t\t\t\t<div class=\"elementor-container elementor-column-gap-default\">\n\t\t\t\t\t\t<\/div>\n\t\t<\/section>\n\t\t<div class=\"elementor-element elementor-element-163f2f9 e-ecs-flex e-flex e-con-boxed e-con e-parent\" data-id=\"163f2f9\" data-element_type=\"container\" data-e-type=\"container\" data-settings=\"{&quot;ecs_container_type&quot;:&quot;flex&quot;}\">\n\t\t\t\t\t<div class=\"e-con-inner\">\n\t\t<div class=\"elementor-element elementor-element-d32d5c5 e-con-full e-ecs-flex e-flex e-con e-child\" data-id=\"d32d5c5\" data-element_type=\"container\" data-e-type=\"container\" data-settings=\"{&quot;ecs_container_type&quot;:&quot;flex&quot;}\">\n\t\t\t\t<div class=\"elementor-element elementor-element-6ec9d35 elementor-widget elementor-widget-heading\" data-id=\"6ec9d35\" data-element_type=\"widget\" data-e-type=\"widget\" data-widget_type=\"heading.default\">\n\t\t\t\t<div class=\"elementor-widget-container\">\n\t\t\t\t\t<h1 class=\"elementor-heading-title elementor-size-default\">Kunststoffindustrie<\/h1>\t\t\t\t<\/div>\n\t\t\t\t<\/div>\n\t\t\t\t<div class=\"elementor-element elementor-element-32efbd1 elementor-widget elementor-widget-text-editor\" data-id=\"32efbd1\" data-element_type=\"widget\" data-e-type=\"widget\" data-widget_type=\"text-editor.default\">\n\t\t\t\t<div class=\"elementor-widget-container\">\n\t\t\t\t\t\t\t\t\t<p>Schwei\u00dfen von Kunststoffen<\/p>\t\t\t\t\t\t\t\t<\/div>\n\t\t\t\t<\/div>\n\t\t\t\t<\/div>\n\t\t\t\t\t<\/div>\n\t\t\t\t<\/div>\n\t\t<div class=\"elementor-element elementor-element-7f60fdb e-ecs-flex e-flex e-con-boxed e-con e-parent\" data-id=\"7f60fdb\" data-element_type=\"container\" data-e-type=\"container\" data-settings=\"{&quot;ecs_container_type&quot;:&quot;flex&quot;}\">\n\t\t\t\t\t<div class=\"e-con-inner\">\n\t\t<div class=\"elementor-element elementor-element-1e38337 e-con-full e-ecs-flex e-flex e-con e-child\" data-id=\"1e38337\" data-element_type=\"container\" data-e-type=\"container\" data-settings=\"{&quot;ecs_container_type&quot;:&quot;flex&quot;}\">\n\t\t\t\t<div class=\"elementor-element elementor-element-a4663c2 elementor-widget elementor-widget-image\" data-id=\"a4663c2\" data-element_type=\"widget\" data-e-type=\"widget\" data-widget_type=\"image.default\">\n\t\t\t\t<div class=\"elementor-widget-container\">\n\t\t\t\t\t\t\t\t\t\t\t\t\t\t\t<img fetchpriority=\"high\" decoding=\"async\" width=\"1024\" height=\"1024\" src=\"https:\/\/kvkrobotix.com\/wp-content\/uploads\/2025\/03\/leather.png\" class=\"attachment-full size-full wp-image-8146\" alt=\"\" srcset=\"https:\/\/kvkrobotix.com\/wp-content\/uploads\/2025\/03\/leather.png 1024w, https:\/\/kvkrobotix.com\/wp-content\/uploads\/2025\/03\/leather-300x300.png 300w, https:\/\/kvkrobotix.com\/wp-content\/uploads\/2025\/03\/leather-150x150.png 150w, https:\/\/kvkrobotix.com\/wp-content\/uploads\/2025\/03\/leather-768x768.png 768w\" sizes=\"(max-width: 1024px) 100vw, 1024px\" \/>\t\t\t\t\t\t\t\t\t\t\t\t\t\t\t<\/div>\n\t\t\t\t<\/div>\n\t\t\t\t<\/div>\n\t\t<div class=\"elementor-element elementor-element-50d06a6 e-con-full e-ecs-flex e-flex e-con e-child\" data-id=\"50d06a6\" data-element_type=\"container\" data-e-type=\"container\" data-settings=\"{&quot;ecs_container_type&quot;:&quot;flex&quot;}\">\n\t\t\t\t<div class=\"elementor-element elementor-element-7a8c59f elementor-widget elementor-widget-heading\" data-id=\"7a8c59f\" data-element_type=\"widget\" data-e-type=\"widget\" data-widget_type=\"heading.default\">\n\t\t\t\t<div class=\"elementor-widget-container\">\n\t\t\t\t\t<h2 class=\"elementor-heading-title elementor-size-default\">Technologien, die das Handwerk verstehen<\/h2>\t\t\t\t<\/div>\n\t\t\t\t<\/div>\n\t\t\t\t<div class=\"elementor-element elementor-element-1726fc3 elementor-widget elementor-widget-text-editor\" data-id=\"1726fc3\" data-element_type=\"widget\" data-e-type=\"widget\" data-widget_type=\"text-editor.default\">\n\t\t\t\t<div class=\"elementor-widget-container\">\n\t\t\t\t\t\t\t\t\t<p>Wir fertigen und liefern Einzweckmaschinen, Ausr\u00fcstungen und komplette Anlagen, die auf die Bed\u00fcrfnisse der Lederindustrie zugeschnitten sind. Ob es um Lederverarbeitung, Trocknung, Sortierung, Markierung oder Produktionsautomatisierung geht &#8211; wir verstehen die Prozesse und wissen, worauf es in einem Betrieb wirklich ankommt. <\/p><p>Unsere L\u00f6sungen ber\u00fccksichtigen die Besonderheiten der Arbeit mit nat\u00fcrlichen Materialien, die Betonung der Verarbeitungsqualit\u00e4t und die Langlebigkeit. Wir arbeiten sowohl mit traditionellen als auch mit modernen Lederbetrieben zusammen und bringen Technologien ein, die das Handwerk ins 21.  <\/p>\t\t\t\t\t\t\t\t<\/div>\n\t\t\t\t<\/div>\n\t\t\t\t<\/div>\n\t\t\t\t\t<\/div>\n\t\t\t\t<\/div>\n\t\t<div class=\"elementor-element elementor-element-48c5409 e-ecs-flex e-flex e-con-boxed e-con e-parent\" data-id=\"48c5409\" data-element_type=\"container\" data-e-type=\"container\" data-settings=\"{&quot;ecs_container_type&quot;:&quot;flex&quot;}\">\n\t\t\t\t\t<div class=\"e-con-inner\">\n\t\t\t\t<div class=\"elementor-element elementor-element-d88e7f0 elementor-widget__width-inherit elementor-widget elementor-widget-heading\" data-id=\"d88e7f0\" data-element_type=\"widget\" data-e-type=\"widget\" data-widget_type=\"heading.default\">\n\t\t\t\t<div class=\"elementor-widget-container\">\n\t\t\t\t\t<h2 class=\"elementor-heading-title elementor-size-default\">Neu f\u00fcr die Lederindustrie: Kippmechanismen aus rostfreiem Stahl<\/h2>\t\t\t\t<\/div>\n\t\t\t\t<\/div>\n\t\t\t\t<div class=\"elementor-element elementor-element-5cd3357 elementor-widget__width-inherit elementor-widget elementor-widget-text-editor\" data-id=\"5cd3357\" data-element_type=\"widget\" data-e-type=\"widget\" data-widget_type=\"text-editor.default\">\n\t\t\t\t<div class=\"elementor-widget-container\">\n\t\t\t\t\t\t\t\t\t<p>Wir entwickelten und lieferten den ersten Satz von Kippmechanismen aus Edelstahl f\u00fcr die Lederverarbeitung in Hochleistungsanwendungen.<\/p><p>Robuste Konstruktion, einfache Bedienung und lange Lebensdauer machen diese Kippsysteme zur idealen Wahl f\u00fcr das Handling von Wannen, Beh\u00e4ltern oder Bearbeitungstischen in der Lederproduktion.<br>Die wichtigsten Vorteile:<\/p><ul><li>Vollst\u00e4ndig aus Edelstahl gefertigt &#8211; feuchtigkeits- und chemikalienbest\u00e4ndig<\/li><li>Pr\u00e4zise und sichere Bewegung &#8211; mechanische oder pneumatische Steuerung<\/li><li>Ma\u00dfgeschneidert auf spezifische Abmessungen und Kundenanforderungen<\/li><\/ul><p>Der Umzug ist Teil unseres Bestrebens, die Abl\u00e4ufe in der Lederindustrie zu modernisieren und zu automatisieren &#8211; mit dem Schwerpunkt auf Haltbarkeit, Effizienz und Sicherheit.<\/p>\t\t\t\t\t\t\t\t<\/div>\n\t\t\t\t<\/div>\n\t\t\t\t<div class=\"elementor-element elementor-element-42000e5 elementor-widget elementor-widget-gallery\" data-id=\"42000e5\" data-element_type=\"widget\" data-e-type=\"widget\" data-settings=\"{&quot;columns&quot;:2,&quot;columns_tablet&quot;:3,&quot;columns_mobile&quot;:2,&quot;gap&quot;:{&quot;unit&quot;:&quot;px&quot;,&quot;size&quot;:30,&quot;sizes&quot;:[]},&quot;lazyload&quot;:&quot;yes&quot;,&quot;gallery_layout&quot;:&quot;grid&quot;,&quot;gap_tablet&quot;:{&quot;unit&quot;:&quot;px&quot;,&quot;size&quot;:10,&quot;sizes&quot;:[]},&quot;gap_mobile&quot;:{&quot;unit&quot;:&quot;px&quot;,&quot;size&quot;:10,&quot;sizes&quot;:[]},&quot;link_to&quot;:&quot;file&quot;,&quot;aspect_ratio&quot;:&quot;3:2&quot;,&quot;overlay_background&quot;:&quot;yes&quot;,&quot;content_hover_animation&quot;:&quot;fade-in&quot;}\" data-widget_type=\"gallery.default\">\n\t\t\t\t<div class=\"elementor-widget-container\">\n\t\t\t\t\t\t\t<div class=\"elementor-gallery__container\">\n\t\t\t\t\t\t\t<a class=\"e-gallery-item elementor-gallery-item elementor-animated-content\" href=\"https:\/\/kvkrobotix.com\/wp-content\/uploads\/2025\/03\/20240814_144152-scaled.jpg\" data-elementor-open-lightbox=\"yes\" data-elementor-lightbox-slideshow=\"42000e5\" data-elementor-lightbox-title=\"20240814_144152\" data-e-action-hash=\"#elementor-action%3Aaction%3Dlightbox%26settings%3DeyJpZCI6ODE5NiwidXJsIjoiaHR0cHM6XC9cL2t2a3JvYm90aXguY29tXC93cC1jb250ZW50XC91cGxvYWRzXC8yMDI1XC8wM1wvMjAyNDA4MTRfMTQ0MTUyLXNjYWxlZC5qcGciLCJzbGlkZXNob3ciOiI0MjAwMGU1In0%3D\">\n\t\t\t\t\t<div class=\"e-gallery-image elementor-gallery-item__image\" data-thumbnail=\"https:\/\/kvkrobotix.com\/wp-content\/uploads\/2025\/03\/20240814_144152-577x1024.jpg\" data-width=\"577\" data-height=\"1024\" aria-label=\"\" role=\"img\" ><\/div>\n\t\t\t\t\t\t\t\t\t\t\t<div class=\"elementor-gallery-item__overlay\"><\/div>\n\t\t\t\t\t\t\t\t\t\t\t\t\t\t<\/a>\n\t\t\t\t\t\t\t<a class=\"e-gallery-item elementor-gallery-item elementor-animated-content\" href=\"https:\/\/kvkrobotix.com\/wp-content\/uploads\/2025\/03\/20240521_154457-scaled.jpg\" data-elementor-open-lightbox=\"yes\" data-elementor-lightbox-slideshow=\"42000e5\" data-elementor-lightbox-title=\"20240521_154457\" data-e-action-hash=\"#elementor-action%3Aaction%3Dlightbox%26settings%3DeyJpZCI6ODE5MywidXJsIjoiaHR0cHM6XC9cL2t2a3JvYm90aXguY29tXC93cC1jb250ZW50XC91cGxvYWRzXC8yMDI1XC8wM1wvMjAyNDA1MjFfMTU0NDU3LXNjYWxlZC5qcGciLCJzbGlkZXNob3ciOiI0MjAwMGU1In0%3D\">\n\t\t\t\t\t<div class=\"e-gallery-image elementor-gallery-item__image\" data-thumbnail=\"https:\/\/kvkrobotix.com\/wp-content\/uploads\/2025\/03\/20240521_154457-1024x577.jpg\" data-width=\"800\" data-height=\"451\" aria-label=\"\" role=\"img\" ><\/div>\n\t\t\t\t\t\t\t\t\t\t\t<div class=\"elementor-gallery-item__overlay\"><\/div>\n\t\t\t\t\t\t\t\t\t\t\t\t\t\t<\/a>\n\t\t\t\t\t<\/div>\n\t\t\t\t\t<\/div>\n\t\t\t\t<\/div>\n\t\t\t\t\t<\/div>\n\t\t\t\t<\/div>\n\t\t<div class=\"elementor-element elementor-element-f395e8d e-ecs-flex e-flex e-con-boxed e-con e-parent\" data-id=\"f395e8d\" data-element_type=\"container\" data-e-type=\"container\" data-settings=\"{&quot;ecs_container_type&quot;:&quot;flex&quot;}\">\n\t\t\t\t\t<div class=\"e-con-inner\">\n\t\t\t\t<div class=\"elementor-element elementor-element-f7f89a6 elementor-widget__width-inherit elementor-widget elementor-widget-heading\" data-id=\"f7f89a6\" data-element_type=\"widget\" data-e-type=\"widget\" data-widget_type=\"heading.default\">\n\t\t\t\t<div class=\"elementor-widget-container\">\n\t\t\t\t\t<h2 class=\"elementor-heading-title elementor-size-default\">Trocknungs- und Sortieranlagen f\u00fcr die Lederindustrie<\/h2>\t\t\t\t<\/div>\n\t\t\t\t<\/div>\n\t\t\t\t<div class=\"elementor-element elementor-element-bbc5689 elementor-widget__width-inherit elementor-widget elementor-widget-text-editor\" data-id=\"bbc5689\" data-element_type=\"widget\" data-e-type=\"widget\" data-widget_type=\"text-editor.default\">\n\t\t\t\t<div class=\"elementor-widget-container\">\n\t\t\t\t\t\t\t\t\t<p>Moderne Trocknungs- und Sortieranlagen sind ein Schl\u00fcsselelement f\u00fcr die Verarbeitung von Leder in gr\u00f6\u00dferen Mengen. Der Schwerpunkt liegt auf einem reibungslosen Betrieb, einer pr\u00e4zisen Kontrolle der Trocknungsbedingungen und einer effizienten Sortierorganisation. <\/p><p>Die L\u00f6sung umfasst in der Regel:<\/p><ul><li>Modulares Trocknungssystem mit kontrolliertem Luftstrom und Temperaturregelung<\/li><li>Sortieranlagen zum Sortieren von H\u00e4uten und Fellen nach Qualit\u00e4t, Gr\u00f6\u00dfe oder anderen Parametern<\/li><li>Automatisierte Steuerung mit \u00fcbersichtlicher Visualisierung und der M\u00f6glichkeit der Anbindung an andere Bereiche der Produktion<\/li><\/ul><p>Das Design der Linien erm\u00f6glicht eine einfache Bedienung, eine schnelle Wartung und eine Anpassung an verschiedene Betriebsarten. Auch geeignet f\u00fcr die Integration mit fortschrittlichen Qualit\u00e4tskontroll- oder Produktions\u00fcberwachungssystemen. <\/p>\t\t\t\t\t\t\t\t<\/div>\n\t\t\t\t<\/div>\n\t\t\t\t<div class=\"elementor-element elementor-element-f05f9ad elementor-widget elementor-widget-gallery\" data-id=\"f05f9ad\" data-element_type=\"widget\" data-e-type=\"widget\" data-settings=\"{&quot;columns&quot;:2,&quot;columns_tablet&quot;:3,&quot;columns_mobile&quot;:2,&quot;gap&quot;:{&quot;unit&quot;:&quot;px&quot;,&quot;size&quot;:30,&quot;sizes&quot;:[]},&quot;lazyload&quot;:&quot;yes&quot;,&quot;gallery_layout&quot;:&quot;grid&quot;,&quot;gap_tablet&quot;:{&quot;unit&quot;:&quot;px&quot;,&quot;size&quot;:10,&quot;sizes&quot;:[]},&quot;gap_mobile&quot;:{&quot;unit&quot;:&quot;px&quot;,&quot;size&quot;:10,&quot;sizes&quot;:[]},&quot;link_to&quot;:&quot;file&quot;,&quot;aspect_ratio&quot;:&quot;3:2&quot;,&quot;overlay_background&quot;:&quot;yes&quot;,&quot;content_hover_animation&quot;:&quot;fade-in&quot;}\" data-widget_type=\"gallery.default\">\n\t\t\t\t<div class=\"elementor-widget-container\">\n\t\t\t\t\t\t\t<div class=\"elementor-gallery__container\">\n\t\t\t\t\t\t\t<a class=\"e-gallery-item elementor-gallery-item elementor-animated-content\" href=\"https:\/\/kvkrobotix.com\/wp-content\/uploads\/2025\/03\/20240814_144152-scaled.jpg\" data-elementor-open-lightbox=\"yes\" data-elementor-lightbox-slideshow=\"f05f9ad\" data-elementor-lightbox-title=\"20240814_144152\" data-e-action-hash=\"#elementor-action%3Aaction%3Dlightbox%26settings%3DeyJpZCI6ODE5NiwidXJsIjoiaHR0cHM6XC9cL2t2a3JvYm90aXguY29tXC93cC1jb250ZW50XC91cGxvYWRzXC8yMDI1XC8wM1wvMjAyNDA4MTRfMTQ0MTUyLXNjYWxlZC5qcGciLCJzbGlkZXNob3ciOiJmMDVmOWFkIn0%3D\">\n\t\t\t\t\t<div class=\"e-gallery-image elementor-gallery-item__image\" data-thumbnail=\"https:\/\/kvkrobotix.com\/wp-content\/uploads\/2025\/03\/20240814_144152-577x1024.jpg\" data-width=\"577\" data-height=\"1024\" aria-label=\"\" role=\"img\" ><\/div>\n\t\t\t\t\t\t\t\t\t\t\t<div class=\"elementor-gallery-item__overlay\"><\/div>\n\t\t\t\t\t\t\t\t\t\t\t\t\t\t<\/a>\n\t\t\t\t\t\t\t<a class=\"e-gallery-item elementor-gallery-item elementor-animated-content\" href=\"https:\/\/kvkrobotix.com\/wp-content\/uploads\/2025\/03\/20240521_154457-scaled.jpg\" data-elementor-open-lightbox=\"yes\" data-elementor-lightbox-slideshow=\"f05f9ad\" data-elementor-lightbox-title=\"20240521_154457\" data-e-action-hash=\"#elementor-action%3Aaction%3Dlightbox%26settings%3DeyJpZCI6ODE5MywidXJsIjoiaHR0cHM6XC9cL2t2a3JvYm90aXguY29tXC93cC1jb250ZW50XC91cGxvYWRzXC8yMDI1XC8wM1wvMjAyNDA1MjFfMTU0NDU3LXNjYWxlZC5qcGciLCJzbGlkZXNob3ciOiJmMDVmOWFkIn0%3D\">\n\t\t\t\t\t<div class=\"e-gallery-image elementor-gallery-item__image\" data-thumbnail=\"https:\/\/kvkrobotix.com\/wp-content\/uploads\/2025\/03\/20240521_154457-1024x577.jpg\" data-width=\"800\" data-height=\"451\" aria-label=\"\" role=\"img\" ><\/div>\n\t\t\t\t\t\t\t\t\t\t\t<div class=\"elementor-gallery-item__overlay\"><\/div>\n\t\t\t\t\t\t\t\t\t\t\t\t\t\t<\/a>\n\t\t\t\t\t<\/div>\n\t\t\t\t\t<\/div>\n\t\t\t\t<\/div>\n\t\t\t\t\t<\/div>\n\t\t\t\t<\/div>\n\t\t<div class=\"elementor-element elementor-element-3c3155e e-ecs-flex e-flex e-con-boxed e-con e-parent\" data-id=\"3c3155e\" data-element_type=\"container\" data-e-type=\"container\" data-settings=\"{&quot;ecs_container_type&quot;:&quot;flex&quot;}\">\n\t\t\t\t\t<div class=\"e-con-inner\">\n\t\t<div class=\"elementor-element elementor-element-8657bd7 e-con-full e-ecs-flex e-flex e-con e-child\" data-id=\"8657bd7\" data-element_type=\"container\" data-e-type=\"container\" data-settings=\"{&quot;ecs_container_type&quot;:&quot;flex&quot;}\">\n\t\t\t\t<div class=\"elementor-element elementor-element-30ac231 elementor-widget elementor-widget-image\" data-id=\"30ac231\" data-element_type=\"widget\" data-e-type=\"widget\" data-widget_type=\"image.default\">\n\t\t\t\t<div class=\"elementor-widget-container\">\n\t\t\t\t\t\t\t\t\t\t\t\t\t\t\t<img decoding=\"async\" width=\"1441\" height=\"2560\" src=\"https:\/\/kvkrobotix.com\/wp-content\/uploads\/2025\/03\/20240416_093516-scaled.jpg\" class=\"attachment-full size-full wp-image-8208\" alt=\"\" srcset=\"https:\/\/kvkrobotix.com\/wp-content\/uploads\/2025\/03\/20240416_093516-scaled.jpg 1441w, https:\/\/kvkrobotix.com\/wp-content\/uploads\/2025\/03\/20240416_093516-169x300.jpg 169w, https:\/\/kvkrobotix.com\/wp-content\/uploads\/2025\/03\/20240416_093516-577x1024.jpg 577w, https:\/\/kvkrobotix.com\/wp-content\/uploads\/2025\/03\/20240416_093516-768x1364.jpg 768w, https:\/\/kvkrobotix.com\/wp-content\/uploads\/2025\/03\/20240416_093516-865x1536.jpg 865w, https:\/\/kvkrobotix.com\/wp-content\/uploads\/2025\/03\/20240416_093516-1153x2048.jpg 1153w\" sizes=\"(max-width: 1441px) 100vw, 1441px\" \/>\t\t\t\t\t\t\t\t\t\t\t\t\t\t\t<\/div>\n\t\t\t\t<\/div>\n\t\t\t\t<\/div>\n\t\t<div class=\"elementor-element elementor-element-9676c84 e-con-full e-ecs-flex e-flex e-con e-child\" data-id=\"9676c84\" data-element_type=\"container\" data-e-type=\"container\" data-settings=\"{&quot;ecs_container_type&quot;:&quot;flex&quot;}\">\n\t\t\t\t<div class=\"elementor-element elementor-element-28bcdaf elementor-widget__width-inherit elementor-widget elementor-widget-heading\" data-id=\"28bcdaf\" data-element_type=\"widget\" data-e-type=\"widget\" data-widget_type=\"heading.default\">\n\t\t\t\t<div class=\"elementor-widget-container\">\n\t\t\t\t\t<h2 class=\"elementor-heading-title elementor-size-default\">Demontage, Verlagerung und Wiedermontage von Technologien<\/h2>\t\t\t\t<\/div>\n\t\t\t\t<\/div>\n\t\t\t\t<div class=\"elementor-element elementor-element-404c3dc elementor-widget elementor-widget-text-editor\" data-id=\"404c3dc\" data-element_type=\"widget\" data-e-type=\"widget\" data-widget_type=\"text-editor.default\">\n\t\t\t\t<div class=\"elementor-widget-container\">\n\t\t\t\t\t\t\t\t\t<p>Ein Teil unserer Arbeit ist die komplette Verlagerung der technologischen Ausr\u00fcstung f\u00fcr die Lederindustrie.<\/p><p>Wir sorgen f\u00fcr die fachgerechte Demontage von Maschinen und Produktionsanlagen, deren Transport inklusive Handling und die anschlie\u00dfende Montage und Inbetriebnahme an einem neuen Standort.<\/p><p>Als Teil des Vertrages bieten wir auch:<\/p><ul><li>\u00dcberpr\u00fcfung des technischen Zustands der Ausr\u00fcstung,<\/li><li>Austausch von verschlissenen oder besch\u00e4digten Teilen,<\/li><li>Versorgung mit h\u00e4ufig ben\u00f6tigten Ersatzteilen.<\/li><\/ul><p>Wir haben Erfahrung sowohl mit einzelnen Maschinen als auch mit ganzen Produktionseinheiten. Wir arbeiten mit dem Schwerpunkt auf Funktionalit\u00e4t, Sicherheit und Kontinuit\u00e4t mit anderen Teilen des Betriebs. <\/p>\t\t\t\t\t\t\t\t<\/div>\n\t\t\t\t<\/div>\n\t\t\t\t<\/div>\n\t\t\t\t\t<\/div>\n\t\t\t\t<\/div>\n\t\t\t\t<\/div>\n\t\t","protected":false},"excerpt":{"rendered":"<p>Kunststoffindustrie Schwei\u00dfen von Kunststoffen Technologien, die das Handwerk verstehen Wir fertigen und liefern Einzweckmaschinen, Ausr\u00fcstungen und komplette Anlagen, die auf die Bed\u00fcrfnisse der Lederindustrie zugeschnitten sind. Ob es um Lederverarbeitung, Trocknung, Sortierung, Markierung oder Produktionsautomatisierung geht &#8211; wir verstehen die Prozesse und wissen, worauf es in einem Betrieb wirklich ankommt. Unsere L\u00f6sungen ber\u00fccksichtigen die Besonderheiten [&hellip;]<\/p>\n","protected":false},"author":1,"featured_media":0,"parent":0,"menu_order":0,"comment_status":"closed","ping_status":"closed","template":"elementor_header_footer","meta":{"_acf_changed":false,"footnotes":""},"class_list":["post-8395","page","type-page","status-publish","hentry"],"acf":[],"_hostinger_reach_plugin_has_subscription_block":false,"_hostinger_reach_plugin_is_elementor":false,"_links":{"self":[{"href":"https:\/\/kvkrobotix.com\/de\/wp-json\/wp\/v2\/pages\/8395","targetHints":{"allow":["GET"]}}],"collection":[{"href":"https:\/\/kvkrobotix.com\/de\/wp-json\/wp\/v2\/pages"}],"about":[{"href":"https:\/\/kvkrobotix.com\/de\/wp-json\/wp\/v2\/types\/page"}],"author":[{"embeddable":true,"href":"https:\/\/kvkrobotix.com\/de\/wp-json\/wp\/v2\/users\/1"}],"replies":[{"embeddable":true,"href":"https:\/\/kvkrobotix.com\/de\/wp-json\/wp\/v2\/comments?post=8395"}],"version-history":[{"count":1,"href":"https:\/\/kvkrobotix.com\/de\/wp-json\/wp\/v2\/pages\/8395\/revisions"}],"predecessor-version":[{"id":8396,"href":"https:\/\/kvkrobotix.com\/de\/wp-json\/wp\/v2\/pages\/8395\/revisions\/8396"}],"wp:attachment":[{"href":"https:\/\/kvkrobotix.com\/de\/wp-json\/wp\/v2\/media?parent=8395"}],"curies":[{"name":"wp","href":"https:\/\/api.w.org\/{rel}","templated":true}]}}